{"id":8,"date":"2016-07-09T19:32:35","date_gmt":"2016-07-09T17:32:35","guid":{"rendered":"http:\/\/www.itcca-leipzig.de\/?page_id=8"},"modified":"2026-05-03T21:15:54","modified_gmt":"2026-05-03T19:15:54","slug":"kurse","status":"publish","type":"page","link":"https:\/\/www.itcca-leipzig.de\/index.php\/kurse\/","title":{"rendered":"Unterricht"},"content":{"rendered":"\n<h2 class=\"wp-block-heading has-text-align-center\">M\u00f6glichkeiten f\u00fcr eine kostenlose Probestunde<\/h2>\n\n\n\n<p class=\"has-text-align-center\">mittwochs von 9:30 bis 10:45 Uhr<\/p>\n\n\n\n<p class=\"has-text-align-center\">freitags von 17 bis 18:15 Uhr<\/p>\n\n\n\n<p class=\"has-text-align-center\">Bitte vorab <a href=\"https:\/\/www.itcca-leipzig.de\/index.php\/kontakt\/\">anmelden<\/a>.<\/p>\n\n\n\n<hr class=\"wp-block-separator has-alpha-channel-opacity is-style-wide\"\/>\n\n\n\n<h2 class=\"wp-block-heading has-text-align-center\">Anf\u00e4ngerkurs<\/h2>\n\n\n\n<p class=\"has-text-align-center\">Sie erlernen und praktizieren daoistische Gesundheits\u00fcbungen (Qigong), den Beginn der langen traditionellen Tai Chi Form (Yang-Stil) und erhalten einen Einblick in grundlegende Prinzipien des Tai Chi Chuan. Meditation und Selbstmassage runden den Kurs ab.<\/p>\n\n\n\n<p class=\"has-text-align-center\">mittwochs von 9:30 bis 10:45 Uhr<\/p>\n\n\n\n<p class=\"has-text-align-center\">Kosten: 150 Euro f\u00fcr 8 Wochen (eine Kurseinheit pro Woche)<\/p>\n\n\n\n<p class=\"has-text-align-center\"><a href=\"https:\/\/www.itcca-leipzig.de\/index.php\/kontakt\/\">Anmeldung<\/a><\/p>\n\n\n\n<hr class=\"wp-block-separator has-alpha-channel-opacity is-style-wide\"\/>\n\n\n\n<h2 class=\"wp-block-heading has-text-align-center\">Sonderkurse:<\/h2>\n\n\n\n<p class=\"has-text-align-center\">Tai Chi Praxistag (Form und Partner\u00fcbungen)<\/p>\n\n\n\n<p class=\"has-text-align-center\">Samstag, den 6. Juni von 10 bis 12:30 Uhr und 15 bis 17:30 Uhr<\/p>\n\n\n\n<hr class=\"wp-block-separator has-alpha-channel-opacity is-style-wide\"\/>\n\n\n\n<h2 class=\"wp-block-heading has-text-align-center\">Fortlaufender Tai Chi Unterricht<\/h2>\n\n\n\n<p class=\"has-text-align-center\">Nach dem Einf\u00fchrungskurs haben Sie die M\u00f6glichkeit, am weiterf\u00fchrenden w\u00f6chentlichen Unterricht (75 min) teilzunehmen. Sie erlernen und vertiefen schrittweise den Ablauf der langen Form des authentischen Yang-Stils, daoistische Gesundheits\u00fcbungen, Chi Kung (Qigong), Meditation, Partner\u00fcbungen, Schwertform und weiteres.<\/p>\n\n\n\n<p class=\"has-text-align-center\">monatliche Kursgeb\u00fchr: <\/p>\n\n\n\n<p class=\"has-text-align-center\">einmal die Woche Training: 75 Euro \/ 65 Euro erm\u00e4\u00dfigt<\/p>\n\n\n\n<p class=\"has-text-align-center\">zweimal die Woche Training: 85 Euro \/ 75 Euro erm\u00e4\u00dfigt<\/p>\n\n\n\n<p class=\"has-text-align-center\">Der authentische Yang-Stil wird nur an Mitglieder der ITCCA weitergegeben. Der Jahresmitgliedsbeitrag betr\u00e4gt 35 EUR und berechtigt 12 Monate lang an allen ITCCA Schulen Kurse zu buchen.<\/p>\n\n\n\n<hr class=\"wp-block-separator has-alpha-channel-opacity is-style-wide\"\/>\n\n\n\n<h2 class=\"wp-block-heading has-text-align-center\">Einzel- bzw. Privatunterricht<\/h2>\n\n\n\n<p class=\"has-text-align-center\">Informationen gern auf <a href=\"https:\/\/www.itcca-leipzig.de\/index.php\/kontakt\/\">Anfrage<\/a>.<\/p>\n\n\n\n<hr class=\"wp-block-separator has-alpha-channel-opacity is-style-wide\"\/>\n\n\n\n<h2 class=\"wp-block-heading has-text-align-center\">Kursplan<\/h2>\n\n\n\n<figure class=\"wp-block-table\"><table class=\"has-fixed-layout\"><tbody><tr><td class=\"has-text-align-center\" data-align=\"center\">Montag<\/td><td class=\"has-text-align-center\" data-align=\"center\">Dienstag<\/td><td class=\"has-text-align-center\" data-align=\"center\">Mittwoch<\/td><td class=\"has-text-align-center\" data-align=\"center\">Donnerstag<\/td><td class=\"has-text-align-center\" data-align=\"center\">Freitag<\/td><\/tr><tr><td class=\"has-text-align-center\" data-align=\"center\"><\/td><td class=\"has-text-align-center\" data-align=\"center\"><\/td><td class=\"has-text-align-center\" data-align=\"center\">9:30 bis 10:45<br>Anf\u00e4nger &amp; alle Level<\/td><td class=\"has-text-align-center\" data-align=\"center\"><\/td><td class=\"has-text-align-center\" data-align=\"center\"><\/td><\/tr><tr><td class=\"has-text-align-center\" data-align=\"center\">17:30 bis 18:45<br>Anf\u00e4nger \/ Form Teil 1\/2<\/td><td class=\"has-text-align-center\" data-align=\"center\">17:30 bis 18:45<br>Vertiefung<\/td><td class=\"has-text-align-center\" data-align=\"center\"><\/td><td class=\"has-text-align-center\" data-align=\"center\">17:30 bis 18:45<br>Vertiefung<\/td><td class=\"has-text-align-center\" data-align=\"center\">17:00 bis 18:15 Anf\u00e4nger<\/td><\/tr><tr><td class=\"has-text-align-center\" data-align=\"center\"><\/td><td class=\"has-text-align-center\" data-align=\"center\">19:00 bis 20:15<br>Form Teil 2<\/td><td class=\"has-text-align-center\" data-align=\"center\"><\/td><td class=\"has-text-align-center\" data-align=\"center\">19:00 bis 20:15<br>Form Teil 2<\/td><td class=\"has-text-align-center\" data-align=\"center\"><\/td><\/tr><\/tbody><\/table><\/figure>\n\n\n\n<p><\/p>\n","protected":false},"excerpt":{"rendered":"<p>M\u00f6glichkeiten f\u00fcr eine kostenlose Probestunde mittwochs von 9:30 bis 10:45 Uhr freitags von 17 bis 18:15 Uhr Bitte vorab anmelden. Anf\u00e4ngerkurs Sie erlernen und praktizieren daoistische Gesundheits\u00fcbungen (Qigong), den Beginn der langen traditionellen Tai Chi Form (Yang-Stil) und erhalten einen Einblick in grundlegende Prinzipien des Tai Chi Chuan. Meditation und Selbstmassage runden den Kurs ab. &hellip; <\/p>\n<p class=\"link-more\"><a href=\"https:\/\/www.itcca-leipzig.de\/index.php\/kurse\/\" class=\"more-link\"><span class=\"screen-reader-text\">\u201eUnterricht\u201c <\/span>weiterlesen<\/a><\/p>\n","protected":false},"author":1,"featured_media":0,"parent":0,"menu_order":0,"comment_status":"closed","ping_status":"closed","template":"","meta":{"footnotes":""},"class_list":["post-8","page","type-page","status-publish","hentry"],"_links":{"self":[{"href":"https:\/\/www.itcca-leipzig.de\/index.php\/wp-json\/wp\/v2\/pages\/8","targetHints":{"allow":["GET"]}}],"collection":[{"href":"https:\/\/www.itcca-leipzig.de\/index.php\/wp-json\/wp\/v2\/pages"}],"about":[{"href":"https:\/\/www.itcca-leipzig.de\/index.php\/wp-json\/wp\/v2\/types\/page"}],"author":[{"embeddable":true,"href":"https:\/\/www.itcca-leipzig.de\/index.php\/wp-json\/wp\/v2\/users\/1"}],"replies":[{"embeddable":true,"href":"https:\/\/www.itcca-leipzig.de\/index.php\/wp-json\/wp\/v2\/comments?post=8"}],"version-history":[{"count":622,"href":"https:\/\/www.itcca-leipzig.de\/index.php\/wp-json\/wp\/v2\/pages\/8\/revisions"}],"predecessor-version":[{"id":2610,"href":"https:\/\/www.itcca-leipzig.de\/index.php\/wp-json\/wp\/v2\/pages\/8\/revisions\/2610"}],"wp:attachment":[{"href":"https:\/\/www.itcca-leipzig.de\/index.php\/wp-json\/wp\/v2\/media?parent=8"}],"curies":[{"name":"wp","href":"https:\/\/api.w.org\/{rel}","templated":true}]}}