{"id":4,"date":"2016-07-09T19:30:53","date_gmt":"2016-07-09T17:30:53","guid":{"rendered":"http:\/\/www.itcca-leipzig.de\/?page_id=4"},"modified":"2025-08-05T11:47:17","modified_gmt":"2025-08-05T09:47:17","slug":"tai-chi-chuan","status":"publish","type":"page","link":"https:\/\/www.itcca-leipzig.de\/index.php\/tai-chi-chuan\/","title":{"rendered":"Tai Chi Chuan"},"content":{"rendered":"\n<h2 class=\"wp-block-heading has-text-align-center western\">Tai Chi Chuan<\/h2>\n\n\n\n<p class=\"has-text-align-center\">Tai Chi Chuan (Taijiquan) ist eine traditionelle chinesische Kampf- bzw. Bewegungskunst, tief verwurzelt in der chinesischen Philosophie, der traditionellen chinesischen Gesundheitslehre und den Kampfk\u00fcnsten.<\/p>\n\n\n\n<p class=\"has-text-align-center\">Die langsamen und flie\u00dfenden Bewegungen des Tai Chi Chuan sind Meditation, Gesundheits\u00fcbung und Selbstverteidigung in einem. Sie harmonisieren und st\u00e4rken die inneren Energien und bringen K\u00f6rper und Geist zusammen.<\/p>\n\n\n\n<p class=\"has-text-align-center\">Ein chinesisches Sprichwort besagt: &#8222;Wer Tai Chi Chuan regelm\u00e4\u00dfig \u00fcbt, erlangt die Geschmeidigkeit eines Kindes, die Gesundheit eines Holzf\u00e4llers und die Gelassenheit eines Weisen&#8220;.<\/p>\n\n\n\n<p class=\"has-text-align-center\">Ein wichtiger Bestandteil der Tai Chi Praxis ist das Erlernen und \u00dcben von festgelegten Bewegungsabfolgen (Formen), deren Figuren ruhig und konzentriert ausgef\u00fchrt werden. Durch das Formtraining werden zum einen grundlegende Prinzipien erlernt und verinnerlicht und zum anderen K\u00f6rper und Geist gest\u00e4rkt.<\/p>\n\n\n\n<p class=\"has-text-align-center\">Neben dem Formtraining sind Qigong (Chi Kung), Atem\u00fcbungen, die daoistische Meditation sowie Partner\u00fcbungen (Tui Shou) und Waffenformen weitere Bestandteile der Tai Chi Praxis.<\/p>\n\n\n\n<h2 class=\"wp-block-heading has-text-align-center western\">Warum Tai Chi oder Qigong praktizieren?<\/h2>\n\n\n\n<p class=\"has-text-align-center\">Regelm\u00e4\u00dfiges Praktizieren von Tai Chi und Qigong hat eine Vielzahl von positiven Wirkungen auf K\u00f6rper und Geist:<\/p>\n\n\n\n<p class=\"has-text-align-center\">Es dient dazu die Muskulatur zu entspannen, den R\u00fccken zu st\u00e4rken, den K\u00f6rper aufzurichten, das Koordinationsverm\u00f6gen zu verbessern, die Atmung zu regulieren und zu vertiefen, das Herz-Kreislaufsystem zu st\u00e4rken, den Stresspegel im K\u00f6rper zu reduzieren, f\u00fcr Ruhe und Ausgeglichenheit zu sorgen und das k\u00f6rperliche und mentale Wohlbefinden zu verbessern.<\/p>\n\n\n\n<h2 class=\"wp-block-heading has-text-align-center\">Der authentische Yang Stil der ITCCA<\/h2>\n\n\n\n<p class=\"has-text-align-center\">Der Yang Stil ist einer der gro\u00dfen Familien Stile im Tai Chi Chuan und geht auf den Yang Luchan (1799 \u2013 1872) zur\u00fcck.<\/p>\n\n\n\n<p class=\"has-text-align-center\">Die International Tai Chi Chuan Association (ITCCA) wurde in den 1970ern von Yang Shou-Chung (1910 \u2013 1985), Urenkel von Yang Luchan und seinem dritten Meistersch\u00fcler Chu King-Hung gegr\u00fcndet, mit dem Ziel das authentische Tai Chi Chuan der Yang Familie in all seinen Facetten zu bewahren und weiterzugeben.<\/p>\n\n\n\n<p class=\"has-text-align-center\">Mehr \u00fcber die ITCCA und Meister Chu King- Hung erfahren Sie <a href=\"https:\/\/www.itcca.com\/de\/europe\" target=\"_blank\" rel=\"noopener\">hier<\/a>.<\/p>\n\n\n\n<figure class=\"wp-block-image wp-image-1693 size-full\"><img loading=\"lazy\" decoding=\"async\" width=\"1024\" height=\"685\" src=\"https:\/\/www.itcca-leipzig.de\/wp-content\/uploads\/original.jpg\" alt=\"\" class=\"wp-image-1693\"\/><figcaption class=\"wp-element-caption\">Meister Chu King Hung<\/figcaption><\/figure>\n","protected":false},"excerpt":{"rendered":"<p>Tai Chi Chuan Tai Chi Chuan (Taijiquan) ist eine traditionelle chinesische Kampf- bzw. Bewegungskunst, tief verwurzelt in der chinesischen Philosophie, der traditionellen chinesischen Gesundheitslehre und den Kampfk\u00fcnsten. Die langsamen und flie\u00dfenden Bewegungen des Tai Chi Chuan sind Meditation, Gesundheits\u00fcbung und Selbstverteidigung in einem. Sie harmonisieren und st\u00e4rken die inneren Energien und bringen K\u00f6rper und Geist &hellip; <\/p>\n<p class=\"link-more\"><a href=\"https:\/\/www.itcca-leipzig.de\/index.php\/tai-chi-chuan\/\" class=\"more-link\"><span class=\"screen-reader-text\">\u201eTai Chi Chuan\u201c <\/span>weiterlesen<\/a><\/p>\n","protected":false},"author":1,"featured_media":0,"parent":0,"menu_order":0,"comment_status":"closed","ping_status":"closed","template":"","meta":{"footnotes":""},"class_list":["post-4","page","type-page","status-publish","hentry"],"_links":{"self":[{"href":"https:\/\/www.itcca-leipzig.de\/index.php\/wp-json\/wp\/v2\/pages\/4","targetHints":{"allow":["GET"]}}],"collection":[{"href":"https:\/\/www.itcca-leipzig.de\/index.php\/wp-json\/wp\/v2\/pages"}],"about":[{"href":"https:\/\/www.itcca-leipzig.de\/index.php\/wp-json\/wp\/v2\/types\/page"}],"author":[{"embeddable":true,"href":"https:\/\/www.itcca-leipzig.de\/index.php\/wp-json\/wp\/v2\/users\/1"}],"replies":[{"embeddable":true,"href":"https:\/\/www.itcca-leipzig.de\/index.php\/wp-json\/wp\/v2\/comments?post=4"}],"version-history":[{"count":142,"href":"https:\/\/www.itcca-leipzig.de\/index.php\/wp-json\/wp\/v2\/pages\/4\/revisions"}],"predecessor-version":[{"id":2451,"href":"https:\/\/www.itcca-leipzig.de\/index.php\/wp-json\/wp\/v2\/pages\/4\/revisions\/2451"}],"wp:attachment":[{"href":"https:\/\/www.itcca-leipzig.de\/index.php\/wp-json\/wp\/v2\/media?parent=4"}],"curies":[{"name":"wp","href":"https:\/\/api.w.org\/{rel}","templated":true}]}}