{"id":30,"date":"2016-07-09T19:43:53","date_gmt":"2016-07-09T17:43:53","guid":{"rendered":"http:\/\/www.itcca-leipzig.de\/?page_id=30"},"modified":"2026-04-02T21:44:58","modified_gmt":"2026-04-02T19:44:58","slug":"startseite","status":"publish","type":"page","link":"https:\/\/www.itcca-leipzig.de\/","title":{"rendered":"Startseite"},"content":{"rendered":"\n<h2 class=\"wp-block-heading has-text-align-center\">Willkommen an der ITCCA Leipzig<\/h2>\n\n\n\n<h3 class=\"wp-block-heading has-text-align-center\">An der ITCCA Leipzig wird authentisches Yang-Stil Tai Chi Chuan im Rahmen der International Tai Chi Chuan Association (<a href=\"https:\/\/www.itcca.com\/de\/europe\" target=\"_blank\" rel=\"noopener\">ITCCA<\/a>) unterrichtet. Sie haben hier die M\u00f6glichkeit traditionelles Tai Chi Chuan schrittweise zu erlernen und kontinuierlich zu praktizieren. Sie sind dazu herzlich eingeladen.<\/h3>\n\n\n\n<hr class=\"wp-block-separator has-alpha-channel-opacity is-style-wide\"\/>\n\n\n\n<h3 class=\"wp-block-heading has-text-align-center\">M\u00f6glichkeiten f\u00fcr Anf\u00e4nger<\/h3>\n\n\n\n<p class=\"has-text-align-center\">mittwochs von 9:30 bis 10:45 Uhr<\/p>\n\n\n\n<hr class=\"wp-block-separator has-alpha-channel-opacity is-style-wide\"\/>\n\n\n\n<h3 class=\"wp-block-heading has-text-align-center\">Formvertiefung Teil 1<\/h3>\n\n\n\n<p class=\"has-text-align-center\">Samstag, den 25. April von 10 bis 13 Uhr<\/p>\n\n\n\n<hr class=\"wp-block-separator has-alpha-channel-opacity is-style-wide\"\/>\n\n\n\n<h3 class=\"wp-block-heading has-text-align-center\">Pushing Hands<\/h3>\n\n\n\n<p class=\"has-text-align-center\">Samstag, den 25. April von 15 bis 17Uhr<\/p>\n\n\n\n<hr class=\"wp-block-separator has-alpha-channel-opacity is-style-wide\"\/>\n\n\n\n<h3 class=\"wp-block-heading has-text-align-center\">Weitere Informationen zu den Kursen und dem Unterricht finden Sie unter <a href=\"https:\/\/www.itcca-leipzig.de\/index.php\/kurse\/\">Unterricht<\/a>.<\/h3>\n\n\n\n<p><\/p>\n","protected":false},"excerpt":{"rendered":"<p>Willkommen an der ITCCA Leipzig An der ITCCA Leipzig wird authentisches Yang-Stil Tai Chi Chuan im Rahmen der International Tai Chi Chuan Association (ITCCA) unterrichtet. Sie haben hier die M\u00f6glichkeit traditionelles Tai Chi Chuan schrittweise zu erlernen und kontinuierlich zu praktizieren. Sie sind dazu herzlich eingeladen. M\u00f6glichkeiten f\u00fcr Anf\u00e4nger mittwochs von 9:30 bis 10:45 Uhr &hellip; <\/p>\n<p class=\"link-more\"><a href=\"https:\/\/www.itcca-leipzig.de\/\" class=\"more-link\"><span class=\"screen-reader-text\">\u201eStartseite\u201c <\/span>weiterlesen<\/a><\/p>\n","protected":false},"author":1,"featured_media":0,"parent":0,"menu_order":0,"comment_status":"closed","ping_status":"closed","template":"","meta":{"footnotes":""},"class_list":["post-30","page","type-page","status-publish","hentry"],"_links":{"self":[{"href":"https:\/\/www.itcca-leipzig.de\/index.php\/wp-json\/wp\/v2\/pages\/30","targetHints":{"allow":["GET"]}}],"collection":[{"href":"https:\/\/www.itcca-leipzig.de\/index.php\/wp-json\/wp\/v2\/pages"}],"about":[{"href":"https:\/\/www.itcca-leipzig.de\/index.php\/wp-json\/wp\/v2\/types\/page"}],"author":[{"embeddable":true,"href":"https:\/\/www.itcca-leipzig.de\/index.php\/wp-json\/wp\/v2\/users\/1"}],"replies":[{"embeddable":true,"href":"https:\/\/www.itcca-leipzig.de\/index.php\/wp-json\/wp\/v2\/comments?post=30"}],"version-history":[{"count":525,"href":"https:\/\/www.itcca-leipzig.de\/index.php\/wp-json\/wp\/v2\/pages\/30\/revisions"}],"predecessor-version":[{"id":2596,"href":"https:\/\/www.itcca-leipzig.de\/index.php\/wp-json\/wp\/v2\/pages\/30\/revisions\/2596"}],"wp:attachment":[{"href":"https:\/\/www.itcca-leipzig.de\/index.php\/wp-json\/wp\/v2\/media?parent=30"}],"curies":[{"name":"wp","href":"https:\/\/api.w.org\/{rel}","templated":true}]}}